{"id":2,"date":"2025-12-13T11:47:41","date_gmt":"2025-12-13T11:47:41","guid":{"rendered":"https:\/\/buchhandlung-schulbuch.de\/www.schul-buch.de\/?page_id=2"},"modified":"2025-12-13T20:01:53","modified_gmt":"2025-12-13T20:01:53","slug":"impressum","status":"publish","type":"page","link":"https:\/\/buchhandlung-schulbuch.de\/www.schul-buch.de\/impressum\/","title":{"rendered":"Impressum"},"content":{"rendered":"<div style=\"font-family: Arial, sans-serif; font-size: 12px; line-height: 1.6; color: #333;\">\n<h2 style=\"font-size: 18px; margin-bottom: 15px; border-bottom: 2px solid #333; padding-bottom: 5px;\">Impressum<\/h2>\n<h3 style=\"font-size: 14px; margin-top: 20px; margin-bottom: 5px;\">Angaben gem\u00e4\u00df \u00a7 5 TMG<\/h3>\n<p><strong>Oelder Buchhandlung &amp; Teekontorei<\/strong><br \/>\nLange Str. 11<br \/>\n59302 Oelde<\/p>\n<h3 style=\"font-size: 14px; margin-top: 20px; margin-bottom: 5px;\">Vertretung<\/h3>\n<p><strong>Gesch\u00e4ftsf\u00fchrung COO:<\/strong> Christian H\u00f6pker<br \/>\nMobil: +49 176 41803134<\/p>\n<p><strong>Gesch\u00e4ftsleitung Strategien IT CFO:<\/strong> Stefan Thomas<br \/>\nMobil: +49 15565745291<\/p>\n<h3 style=\"font-size: 14px; margin-top: 20px; margin-bottom: 5px;\">Kontakt<\/h3>\n<p>Telefon: 02522 9379500<br \/>\nMobil: +49 176 41803134<br \/>\nE-Mail: <a style=\"color: #0056b3; text-decoration: none;\" href=\"mailto:oeldebuchhandlung@gmail.com\">oeldebuchhandlung@gmail.com<\/a><br \/>\nWebmaster: <a style=\"color: #0056b3; text-decoration: none;\" href=\"mailto:webmaster@oelder-buchhandlung.de\">webmaster@oelder-buchhandlung.de<\/a><\/p>\n<h3 style=\"font-size: 14px; margin-top: 20px; margin-bottom: 5px;\">Wirtschaftsdaten<\/h3>\n<p>Umsatzsteuer-ID: DE 252967848<br \/>\nMitglied des B\u00f6rsenverein des Deutschen Buchhandels<\/p>\n<h3 style=\"font-size: 14px; margin-top: 20px; margin-bottom: 5px;\">Unsere Websites<\/h3>\n<p><a style=\"color: #0056b3; text-decoration: none;\" href=\"https:\/\/oelder-buchhandlung.de\/\" target=\"_blank\" rel=\"noopener\">oelder-buchhandlung.de<\/a><br \/>\n<a style=\"color: #0056b3; text-decoration: none;\" href=\"https:\/\/schulb\u00fccher-bestellen.de\/\" target=\"_blank\" rel=\"noopener\">schulb\u00fccher-bestellen.de<\/a><br \/>\n<a style=\"color: #0056b3; text-decoration: none;\" href=\"https:\/\/schulbuch-bestellen-online.de\/\" target=\"_blank\" rel=\"noopener\">schulbuch-bestellen-online.de<\/a><br \/>\n<a style=\"color: #0056b3; text-decoration: none;\" href=\"https:\/\/buchhandlung-schulbuch.de\/\" target=\"_blank\" rel=\"noopener\">buchhandlung-schulbuch.de<\/a><br \/>\n<a style=\"color: #0056b3; text-decoration: none;\" href=\"https:\/\/bestseller-buch.com\/\" target=\"_blank\" rel=\"noopener\">bestseller-buch.com<\/a><br \/>\n<a style=\"color: #0056b3; text-decoration: none;\" href=\"https:\/\/bio-tee-kaufen.de\/\" target=\"_blank\" rel=\"noopener\">bio-tee-kaufen.de<\/a><\/p>\n<hr style=\"margin-top: 25px; margin-bottom: 25px; border: 0; border-top: 1px solid #ccc;\" \/>\n<h3 style=\"font-size: 14px; margin-top: 20px; margin-bottom: 5px;\">Urheberrecht<\/h3>\n<p>Die durch die Seitenbetreiber erstellten Inhalte und Werke auf diesen Seiten unterliegen dem deutschen Urheberrecht. Die Vervielf\u00e4ltigung, Bearbeitung, Verbreitung und jede Art der Verwertung au\u00dferhalb der Grenzen des Urheberrechtes bed\u00fcrfen der schriftlichen Zustimmung des jeweiligen Autors bzw. Erstellers. Downloads und Kopien dieser Seite sind nur f\u00fcr den privaten, nicht kommerziellen Gebrauch gestattet. Soweit die Inhalte auf dieser Seite nicht vom Betreiber erstellt wurden, werden die Urheberrechte Dritter beachtet. Insbesondere werden Inhalte Dritter als solche gekennzeichnet. Sollten Sie trotzdem auf eine Urheberrechtsverletzung aufmerksam werden, bitten wir um einen entsprechenden Hinweis. Bei Bekanntwerden von Rechtsverletzungen werden wir derartige Inhalte umgehend entfernen.<\/p>\n<h3 style=\"font-size: 14px; margin-top: 20px; margin-bottom: 5px;\">Datenschutz und Diensteanbieter<\/h3>\n<p>Als Diensteanbieter sind wir gem\u00e4\u00df \u00a7 7 Abs.1 TMG f\u00fcr eigene Inhalte auf diesen Seiten nach den allgemeinen Gesetzen verantwortlich. Nach \u00a7\u00a7 8 bis 10 TMG sind wir als Diensteanbieter jedoch nicht verpflichtet, \u00fcbermittelte oder gespeicherte fremde Informationen zu \u00fcberwachen oder nach Umst\u00e4nden zu forschen, die auf eine rechtswidrige T\u00e4tigkeit hinweisen. Verpflichtungen zur Entfernung oder Sperrung der Nutzung von Informationen nach den allgemeinen Gesetzen bleiben hiervon unber\u00fchrt. Eine diesbez\u00fcgliche Haftung ist jedoch erst ab dem Zeitpunkt der Kenntnis einer konkreten Rechtsverletzung m\u00f6glich. Bei Bekanntwerden von entsprechenden Rechtsverletzungen werden wir diese Inhalte umgehend entfernen.<\/p>\n<h3 style=\"font-size: 14px; margin-top: 20px; margin-bottom: 5px;\">Haftung f\u00fcr Links<\/h3>\n<p>Unser Angebot enth\u00e4lt Links zu externen Websites Dritter, auf deren Inhalte wir keinen Einfluss haben. Deshalb k\u00f6nnen wir f\u00fcr diese fremden Inhalte auch keine Gew\u00e4hr \u00fcbernehmen. F\u00fcr die Inhalte der verlinkten Seiten ist stets der jeweilige Anbieter oder Betreiber der Seiten verantwortlich. Die verlinkten Seiten wurden zum Zeitpunkt der Verlinkung auf m\u00f6gliche Rechtsverst\u00f6\u00dfe \u00fcberpr\u00fcft. Rechtswidrige Inhalte waren zum Zeitpunkt der Verlinkung nicht erkennbar. Eine permanente inhaltliche Kontrolle der verlinkten Seiten ist jedoch ohne konkrete Anhaltspunkte einer Rechtsverletzung nicht zumutbar. Bei Bekanntwerden von Rechtsverletzungen werden wir derartige Links umgehend entfernen.<\/p>\n<\/div>\n","protected":false},"excerpt":{"rendered":"<p>Impressum Angaben gem\u00e4\u00df \u00a7 5 TMG Oelder Buchhandlung &amp; Teekontorei Lange Str. 11 59302 Oelde Vertretung Gesch\u00e4ftsf\u00fchrung COO: Christian H\u00f6pker [&hellip;]<\/p>\n","protected":false},"author":1,"featured_media":0,"parent":0,"menu_order":0,"comment_status":"closed","ping_status":"open","template":"","meta":{"site-sidebar-layout":"default","site-content-layout":"","ast-site-content-layout":"default","site-content-style":"default","site-sidebar-style":"default","ast-global-header-display":"","ast-banner-title-visibility":"","ast-main-header-display":"","ast-hfb-above-header-display":"","ast-hfb-below-header-display":"","ast-hfb-mobile-header-display":"","site-post-title":"","ast-breadcrumbs-content":"","ast-featured-img":"","footer-sml-layout":"","ast-disable-related-posts":"","theme-transparent-header-meta":"","adv-header-id-meta":"","stick-header-meta":"","header-above-stick-meta":"","header-main-stick-meta":"","header-below-stick-meta":"","astra-migrate-meta-layouts":"default","ast-page-background-enabled":"default","ast-page-background-meta":{"desktop":{"background-color":"var(--ast-global-color-5)","background-image":"","background-repeat":"repeat","background-position":"center center","background-size":"auto","background-attachment":"scroll","background-type":"","background-media":"","overlay-type":"","overlay-color":"","overlay-opacity":"","overlay-gradient":""},"tablet":{"background-color":"","background-image":"","background-repeat":"repeat","background-position":"center center","background-size":"auto","background-attachment":"scroll","background-type":"","background-media":"","overlay-type":"","overlay-color":"","overlay-opacity":"","overlay-gradient":""},"mobile":{"background-color":"","background-image":"","background-repeat":"repeat","background-position":"center center","background-size":"auto","background-attachment":"scroll","background-type":"","background-media":"","overlay-type":"","overlay-color":"","overlay-opacity":"","overlay-gradient":""}},"ast-content-background-meta":{"desktop":{"background-color":"var(--ast-global-color-4)","background-image":"","background-repeat":"repeat","background-position":"center center","background-size":"auto","background-attachment":"scroll","background-type":"","background-media":"","overlay-type":"","overlay-color":"","overlay-opacity":"","overlay-gradient":""},"tablet":{"background-color":"var(--ast-global-color-4)","background-image":"","background-repeat":"repeat","background-position":"center center","background-size":"auto","background-attachment":"scroll","background-type":"","background-media":"","overlay-type":"","overlay-color":"","overlay-opacity":"","overlay-gradient":""},"mobile":{"background-color":"var(--ast-global-color-4)","background-image":"","background-repeat":"repeat","background-position":"center center","background-size":"auto","background-attachment":"scroll","background-type":"","background-media":"","overlay-type":"","overlay-color":"","overlay-opacity":"","overlay-gradient":""}},"footnotes":""},"class_list":["post-2","page","type-page","status-publish","hentry"],"yoast_head":"<!-- This site is optimized with the Yoast SEO plugin v27.2 - https:\/\/yoast.com\/product\/yoast-seo-wordpress\/ -->\n<title>Impressum - Schul Buch<\/title>\n<meta name=\"robots\" content=\"index, follow, max-snippet:-1, max-image-preview:large, max-video-preview:-1\" \/>\n<link rel=\"canonical\" href=\"https:\/\/buchhandlung-schulbuch.de\/www.schul-buch.de\/impressum\/\" \/>\n<meta property=\"og:locale\" content=\"de_DE\" \/>\n<meta property=\"og:type\" content=\"article\" \/>\n<meta property=\"og:title\" content=\"Impressum - Schul Buch\" \/>\n<meta property=\"og:description\" content=\"Impressum Angaben gem\u00e4\u00df \u00a7 5 TMG Oelder Buchhandlung &amp; Teekontorei Lange Str. 11 59302 Oelde Vertretung Gesch\u00e4ftsf\u00fchrung COO: Christian H\u00f6pker [&hellip;]\" \/>\n<meta property=\"og:url\" content=\"https:\/\/buchhandlung-schulbuch.de\/www.schul-buch.de\/impressum\/\" \/>\n<meta property=\"og:site_name\" content=\"Schul Buch\" \/>\n<meta property=\"article:modified_time\" content=\"2025-12-13T20:01:53+00:00\" \/>\n<meta name=\"twitter:card\" content=\"summary_large_image\" \/>\n<meta name=\"twitter:label1\" content=\"Gesch\u00e4tzte Lesezeit\" \/>\n\t<meta name=\"twitter:data1\" content=\"2\u00a0Minuten\" \/>\n<script type=\"application\/ld+json\" class=\"yoast-schema-graph\">{\"@context\":\"https:\/\/schema.org\",\"@graph\":[{\"@type\":\"WebPage\",\"@id\":\"https:\/\/buchhandlung-schulbuch.de\/www.schul-buch.de\/impressum\/\",\"url\":\"https:\/\/buchhandlung-schulbuch.de\/www.schul-buch.de\/impressum\/\",\"name\":\"Impressum - Schul Buch\",\"isPartOf\":{\"@id\":\"https:\/\/buchhandlung-schulbuch.de\/www.schul-buch.de\/#website\"},\"datePublished\":\"2025-12-13T11:47:41+00:00\",\"dateModified\":\"2025-12-13T20:01:53+00:00\",\"breadcrumb\":{\"@id\":\"https:\/\/buchhandlung-schulbuch.de\/www.schul-buch.de\/impressum\/#breadcrumb\"},\"inLanguage\":\"de\",\"potentialAction\":[{\"@type\":\"ReadAction\",\"target\":[\"https:\/\/buchhandlung-schulbuch.de\/www.schul-buch.de\/impressum\/\"]}]},{\"@type\":\"BreadcrumbList\",\"@id\":\"https:\/\/buchhandlung-schulbuch.de\/www.schul-buch.de\/impressum\/#breadcrumb\",\"itemListElement\":[{\"@type\":\"ListItem\",\"position\":1,\"name\":\"Start\",\"item\":\"https:\/\/buchhandlung-schulbuch.de\/www.schul-buch.de\/\"},{\"@type\":\"ListItem\",\"position\":2,\"name\":\"Impressum\"}]},{\"@type\":\"WebSite\",\"@id\":\"https:\/\/buchhandlung-schulbuch.de\/www.schul-buch.de\/#website\",\"url\":\"https:\/\/buchhandlung-schulbuch.de\/www.schul-buch.de\/\",\"name\":\"Schul Buch\",\"description\":\"Schul B\u00fccher\",\"potentialAction\":[{\"@type\":\"SearchAction\",\"target\":{\"@type\":\"EntryPoint\",\"urlTemplate\":\"https:\/\/buchhandlung-schulbuch.de\/www.schul-buch.de\/?s={search_term_string}\"},\"query-input\":{\"@type\":\"PropertyValueSpecification\",\"valueRequired\":true,\"valueName\":\"search_term_string\"}}],\"inLanguage\":\"de\"}]}<\/script>\n<!-- \/ Yoast SEO plugin. -->","yoast_head_json":{"title":"Impressum - Schul Buch","robots":{"index":"index","follow":"follow","max-snippet":"max-snippet:-1","max-image-preview":"max-image-preview:large","max-video-preview":"max-video-preview:-1"},"canonical":"https:\/\/buchhandlung-schulbuch.de\/www.schul-buch.de\/impressum\/","og_locale":"de_DE","og_type":"article","og_title":"Impressum - Schul Buch","og_description":"Impressum Angaben gem\u00e4\u00df \u00a7 5 TMG Oelder Buchhandlung &amp; Teekontorei Lange Str. 11 59302 Oelde Vertretung Gesch\u00e4ftsf\u00fchrung COO: Christian H\u00f6pker [&hellip;]","og_url":"https:\/\/buchhandlung-schulbuch.de\/www.schul-buch.de\/impressum\/","og_site_name":"Schul Buch","article_modified_time":"2025-12-13T20:01:53+00:00","twitter_card":"summary_large_image","twitter_misc":{"Gesch\u00e4tzte Lesezeit":"2\u00a0Minuten"},"schema":{"@context":"https:\/\/schema.org","@graph":[{"@type":"WebPage","@id":"https:\/\/buchhandlung-schulbuch.de\/www.schul-buch.de\/impressum\/","url":"https:\/\/buchhandlung-schulbuch.de\/www.schul-buch.de\/impressum\/","name":"Impressum - Schul Buch","isPartOf":{"@id":"https:\/\/buchhandlung-schulbuch.de\/www.schul-buch.de\/#website"},"datePublished":"2025-12-13T11:47:41+00:00","dateModified":"2025-12-13T20:01:53+00:00","breadcrumb":{"@id":"https:\/\/buchhandlung-schulbuch.de\/www.schul-buch.de\/impressum\/#breadcrumb"},"inLanguage":"de","potentialAction":[{"@type":"ReadAction","target":["https:\/\/buchhandlung-schulbuch.de\/www.schul-buch.de\/impressum\/"]}]},{"@type":"BreadcrumbList","@id":"https:\/\/buchhandlung-schulbuch.de\/www.schul-buch.de\/impressum\/#breadcrumb","itemListElement":[{"@type":"ListItem","position":1,"name":"Start","item":"https:\/\/buchhandlung-schulbuch.de\/www.schul-buch.de\/"},{"@type":"ListItem","position":2,"name":"Impressum"}]},{"@type":"WebSite","@id":"https:\/\/buchhandlung-schulbuch.de\/www.schul-buch.de\/#website","url":"https:\/\/buchhandlung-schulbuch.de\/www.schul-buch.de\/","name":"Schul Buch","description":"Schul B\u00fccher","potentialAction":[{"@type":"SearchAction","target":{"@type":"EntryPoint","urlTemplate":"https:\/\/buchhandlung-schulbuch.de\/www.schul-buch.de\/?s={search_term_string}"},"query-input":{"@type":"PropertyValueSpecification","valueRequired":true,"valueName":"search_term_string"}}],"inLanguage":"de"}]}},"_links":{"self":[{"href":"https:\/\/buchhandlung-schulbuch.de\/www.schul-buch.de\/wp-json\/wp\/v2\/pages\/2","targetHints":{"allow":["GET"]}}],"collection":[{"href":"https:\/\/buchhandlung-schulbuch.de\/www.schul-buch.de\/wp-json\/wp\/v2\/pages"}],"about":[{"href":"https:\/\/buchhandlung-schulbuch.de\/www.schul-buch.de\/wp-json\/wp\/v2\/types\/page"}],"author":[{"embeddable":true,"href":"https:\/\/buchhandlung-schulbuch.de\/www.schul-buch.de\/wp-json\/wp\/v2\/users\/1"}],"replies":[{"embeddable":true,"href":"https:\/\/buchhandlung-schulbuch.de\/www.schul-buch.de\/wp-json\/wp\/v2\/comments?post=2"}],"version-history":[{"count":2,"href":"https:\/\/buchhandlung-schulbuch.de\/www.schul-buch.de\/wp-json\/wp\/v2\/pages\/2\/revisions"}],"predecessor-version":[{"id":34,"href":"https:\/\/buchhandlung-schulbuch.de\/www.schul-buch.de\/wp-json\/wp\/v2\/pages\/2\/revisions\/34"}],"wp:attachment":[{"href":"https:\/\/buchhandlung-schulbuch.de\/www.schul-buch.de\/wp-json\/wp\/v2\/media?parent=2"}],"curies":[{"name":"wp","href":"https:\/\/api.w.org\/{rel}","templated":true}]}}